{"id":12901,"date":"2026-03-24T16:42:38","date_gmt":"2026-03-24T16:42:38","guid":{"rendered":"https:\/\/visitaterracha.com\/festas-e-eventos-na-terra-cha\/"},"modified":"2026-03-24T18:25:36","modified_gmt":"2026-03-24T18:25:36","slug":"festas-e-eventos-na-terra-cha","status":"publish","type":"page","link":"https:\/\/visitaterracha.com\/gl\/festas-e-eventos-na-terra-cha\/","title":{"rendered":"Festas e eventos na Terra Ch\u00e1"},"content":{"rendered":"\t\t<div data-elementor-type=\"wp-page\" data-elementor-id=\"12901\" class=\"elementor elementor-12901 elementor-12875\" data-elementor-post-type=\"page\">\n\t\t\t\t<div class=\"elementor-element elementor-element-8d6087f e-con-full e-flex e-con e-parent\" data-id=\"8d6087f\" data-element_type=\"container\" data-e-type=\"container\">\n\t\t\t\t<div class=\"elementor-element elementor-element-ccf3fbe elementor-widget elementor-widget-html\" data-id=\"ccf3fbe\" data-element_type=\"widget\" data-e-type=\"widget\" data-widget_type=\"html.default\">\n\t\t\t\t\t<iframe src=\"https:\/\/festigaleiros.com\/terra-cha-iframe\/\" style=\"width:100vw; height:100vh; border:none; display:block;\" loading=\"lazy\" sandbox=\"allow-scripts allow-same-origin\">\n<\/iframe>\t\t\t\t<\/div>\n\t\t\t\t<\/div>\n\t\t\t\t<\/div>\n\t\t","protected":false},"excerpt":{"rendered":"<p>Descobre todo o que sucede na Terra Ch\u00e1: festas, feiras, concertos e actividades ao aire libre esp\u00e9rante ao longo do ano.<\/p>\n","protected":false},"author":1,"featured_media":0,"parent":0,"menu_order":0,"comment_status":"closed","ping_status":"closed","template":"","meta":{"footnotes":""},"class_list":["post-12901","page","type-page","status-publish","hentry"],"yoast_head":"<!-- This site is optimized with the Yoast SEO plugin v27.3 - https:\/\/yoast.com\/product\/yoast-seo-wordpress\/ -->\n<title>Festas e eventos na Terra Ch\u00e1 - Visit A Terra Ch\u00e1<\/title>\n<meta name=\"robots\" content=\"index, follow, max-snippet:-1, max-image-preview:large, max-video-preview:-1\" \/>\n<link rel=\"canonical\" href=\"https:\/\/visitaterracha.com\/gl\/festas-e-eventos-na-terra-cha\/\" \/>\n<meta property=\"og:locale\" content=\"gl_ES\" \/>\n<meta property=\"og:type\" content=\"article\" \/>\n<meta property=\"og:title\" content=\"Festas e eventos na Terra Ch\u00e1 - Visit A Terra Ch\u00e1\" \/>\n<meta property=\"og:description\" content=\"Descobre todo o que sucede na Terra Ch\u00e1: festas, feiras, concertos e actividades ao aire libre esp\u00e9rante ao longo do ano.\" \/>\n<meta property=\"og:url\" content=\"https:\/\/visitaterracha.com\/gl\/festas-e-eventos-na-terra-cha\/\" \/>\n<meta property=\"og:site_name\" content=\"Visit A Terra Ch\u00e1\" \/>\n<meta property=\"article:modified_time\" content=\"2026-03-24T18:25:36+00:00\" \/>\n<meta name=\"twitter:card\" content=\"summary_large_image\" \/>\n<script type=\"application\/ld+json\" class=\"yoast-schema-graph\">{\"@context\":\"https:\\\/\\\/schema.org\",\"@graph\":[{\"@type\":\"WebPage\",\"@id\":\"https:\\\/\\\/visitaterracha.com\\\/gl\\\/festas-e-eventos-na-terra-cha\\\/\",\"url\":\"https:\\\/\\\/visitaterracha.com\\\/gl\\\/festas-e-eventos-na-terra-cha\\\/\",\"name\":\"Festas e eventos na Terra Ch\u00e1 - Visit A Terra Ch\u00e1\",\"isPartOf\":{\"@id\":\"https:\\\/\\\/visitaterracha.com\\\/gl\\\/#website\"},\"datePublished\":\"2026-03-24T16:42:38+00:00\",\"dateModified\":\"2026-03-24T18:25:36+00:00\",\"breadcrumb\":{\"@id\":\"https:\\\/\\\/visitaterracha.com\\\/gl\\\/festas-e-eventos-na-terra-cha\\\/#breadcrumb\"},\"inLanguage\":\"gl-ES\",\"potentialAction\":[{\"@type\":\"ReadAction\",\"target\":[\"https:\\\/\\\/visitaterracha.com\\\/gl\\\/festas-e-eventos-na-terra-cha\\\/\"]}]},{\"@type\":\"BreadcrumbList\",\"@id\":\"https:\\\/\\\/visitaterracha.com\\\/gl\\\/festas-e-eventos-na-terra-cha\\\/#breadcrumb\",\"itemListElement\":[{\"@type\":\"ListItem\",\"position\":1,\"name\":\"Portada\",\"item\":\"https:\\\/\\\/visitaterracha.com\\\/gl\\\/visita-a-terra-cha-paxina-oficial-de-turismo-do-gdr-terra-cha\\\/\"},{\"@type\":\"ListItem\",\"position\":2,\"name\":\"Festas e eventos na Terra Ch\u00e1\"}]},{\"@type\":\"WebSite\",\"@id\":\"https:\\\/\\\/visitaterracha.com\\\/gl\\\/#website\",\"url\":\"https:\\\/\\\/visitaterracha.com\\\/gl\\\/\",\"name\":\"Visit A Terra Ch\u00e1\",\"description\":\"\",\"publisher\":{\"@id\":\"https:\\\/\\\/visitaterracha.com\\\/gl\\\/#organization\"},\"potentialAction\":[{\"@type\":\"SearchAction\",\"target\":{\"@type\":\"EntryPoint\",\"urlTemplate\":\"https:\\\/\\\/visitaterracha.com\\\/gl\\\/?s={search_term_string}\"},\"query-input\":{\"@type\":\"PropertyValueSpecification\",\"valueRequired\":true,\"valueName\":\"search_term_string\"}}],\"inLanguage\":\"gl-ES\"},{\"@type\":\"Organization\",\"@id\":\"https:\\\/\\\/visitaterracha.com\\\/gl\\\/#organization\",\"name\":\"Visit A Terra Ch\u00e1\",\"url\":\"https:\\\/\\\/visitaterracha.com\\\/gl\\\/\",\"logo\":{\"@type\":\"ImageObject\",\"inLanguage\":\"gl-ES\",\"@id\":\"https:\\\/\\\/visitaterracha.com\\\/gl\\\/#\\\/schema\\\/logo\\\/image\\\/\",\"url\":\"https:\\\/\\\/visitaterracha.com\\\/wp-content\\\/uploads\\\/2025\\\/09\\\/Visitiaterracha.svg\",\"contentUrl\":\"https:\\\/\\\/visitaterracha.com\\\/wp-content\\\/uploads\\\/2025\\\/09\\\/Visitiaterracha.svg\",\"width\":100,\"height\":100,\"caption\":\"Visit A Terra Ch\u00e1\"},\"image\":{\"@id\":\"https:\\\/\\\/visitaterracha.com\\\/gl\\\/#\\\/schema\\\/logo\\\/image\\\/\"}}]}<\/script>\n<!-- \/ Yoast SEO plugin. -->","yoast_head_json":{"title":"Festas e eventos na Terra Ch\u00e1 - Visit A Terra Ch\u00e1","robots":{"index":"index","follow":"follow","max-snippet":"max-snippet:-1","max-image-preview":"max-image-preview:large","max-video-preview":"max-video-preview:-1"},"canonical":"https:\/\/visitaterracha.com\/gl\/festas-e-eventos-na-terra-cha\/","og_locale":"gl_ES","og_type":"article","og_title":"Festas e eventos na Terra Ch\u00e1 - Visit A Terra Ch\u00e1","og_description":"Descobre todo o que sucede na Terra Ch\u00e1: festas, feiras, concertos e actividades ao aire libre esp\u00e9rante ao longo do ano.","og_url":"https:\/\/visitaterracha.com\/gl\/festas-e-eventos-na-terra-cha\/","og_site_name":"Visit A Terra Ch\u00e1","article_modified_time":"2026-03-24T18:25:36+00:00","twitter_card":"summary_large_image","schema":{"@context":"https:\/\/schema.org","@graph":[{"@type":"WebPage","@id":"https:\/\/visitaterracha.com\/gl\/festas-e-eventos-na-terra-cha\/","url":"https:\/\/visitaterracha.com\/gl\/festas-e-eventos-na-terra-cha\/","name":"Festas e eventos na Terra Ch\u00e1 - Visit A Terra Ch\u00e1","isPartOf":{"@id":"https:\/\/visitaterracha.com\/gl\/#website"},"datePublished":"2026-03-24T16:42:38+00:00","dateModified":"2026-03-24T18:25:36+00:00","breadcrumb":{"@id":"https:\/\/visitaterracha.com\/gl\/festas-e-eventos-na-terra-cha\/#breadcrumb"},"inLanguage":"gl-ES","potentialAction":[{"@type":"ReadAction","target":["https:\/\/visitaterracha.com\/gl\/festas-e-eventos-na-terra-cha\/"]}]},{"@type":"BreadcrumbList","@id":"https:\/\/visitaterracha.com\/gl\/festas-e-eventos-na-terra-cha\/#breadcrumb","itemListElement":[{"@type":"ListItem","position":1,"name":"Portada","item":"https:\/\/visitaterracha.com\/gl\/visita-a-terra-cha-paxina-oficial-de-turismo-do-gdr-terra-cha\/"},{"@type":"ListItem","position":2,"name":"Festas e eventos na Terra Ch\u00e1"}]},{"@type":"WebSite","@id":"https:\/\/visitaterracha.com\/gl\/#website","url":"https:\/\/visitaterracha.com\/gl\/","name":"Visit A Terra Ch\u00e1","description":"","publisher":{"@id":"https:\/\/visitaterracha.com\/gl\/#organization"},"potentialAction":[{"@type":"SearchAction","target":{"@type":"EntryPoint","urlTemplate":"https:\/\/visitaterracha.com\/gl\/?s={search_term_string}"},"query-input":{"@type":"PropertyValueSpecification","valueRequired":true,"valueName":"search_term_string"}}],"inLanguage":"gl-ES"},{"@type":"Organization","@id":"https:\/\/visitaterracha.com\/gl\/#organization","name":"Visit A Terra Ch\u00e1","url":"https:\/\/visitaterracha.com\/gl\/","logo":{"@type":"ImageObject","inLanguage":"gl-ES","@id":"https:\/\/visitaterracha.com\/gl\/#\/schema\/logo\/image\/","url":"https:\/\/visitaterracha.com\/wp-content\/uploads\/2025\/09\/Visitiaterracha.svg","contentUrl":"https:\/\/visitaterracha.com\/wp-content\/uploads\/2025\/09\/Visitiaterracha.svg","width":100,"height":100,"caption":"Visit A Terra Ch\u00e1"},"image":{"@id":"https:\/\/visitaterracha.com\/gl\/#\/schema\/logo\/image\/"}}]}},"_links":{"self":[{"href":"https:\/\/visitaterracha.com\/gl\/wp-json\/wp\/v2\/pages\/12901","targetHints":{"allow":["GET"]}}],"collection":[{"href":"https:\/\/visitaterracha.com\/gl\/wp-json\/wp\/v2\/pages"}],"about":[{"href":"https:\/\/visitaterracha.com\/gl\/wp-json\/wp\/v2\/types\/page"}],"author":[{"embeddable":true,"href":"https:\/\/visitaterracha.com\/gl\/wp-json\/wp\/v2\/users\/1"}],"replies":[{"embeddable":true,"href":"https:\/\/visitaterracha.com\/gl\/wp-json\/wp\/v2\/comments?post=12901"}],"version-history":[{"count":8,"href":"https:\/\/visitaterracha.com\/gl\/wp-json\/wp\/v2\/pages\/12901\/revisions"}],"predecessor-version":[{"id":12945,"href":"https:\/\/visitaterracha.com\/gl\/wp-json\/wp\/v2\/pages\/12901\/revisions\/12945"}],"wp:attachment":[{"href":"https:\/\/visitaterracha.com\/gl\/wp-json\/wp\/v2\/media?parent=12901"}],"curies":[{"name":"wp","href":"https:\/\/api.w.org\/{rel}","templated":true}]}}